{"id":82,"date":"2022-06-14T05:36:19","date_gmt":"2022-06-14T05:36:19","guid":{"rendered":"https:\/\/ms-eberschwang.at\/schule\/?page_id=82"},"modified":"2026-03-16T12:12:26","modified_gmt":"2026-03-16T12:12:26","slug":"home","status":"publish","type":"page","link":"https:\/\/ms-eberschwang.at\/schule\/","title":{"rendered":"Home"},"content":{"rendered":"\n<div style=\"height:17px\" aria-hidden=\"true\" class=\"wp-block-spacer\"><\/div>\n\n\n\n<h1 class=\"wp-block-heading has-text-align-center\"><strong>Herzlich willkommen <\/strong>an der<br>Mittelschule Eberschwang<\/h1>\n\n\n\n<div class=\"wp-block-columns is-layout-flex wp-container-core-columns-is-layout-28f84493 wp-block-columns-is-layout-flex\">\n<div class=\"wp-block-column is-layout-flow wp-block-column-is-layout-flow\" style=\"flex-basis:100%\"><\/div>\n<\/div>\n\n\n\n<div style=\"height:47px\" aria-hidden=\"true\" class=\"wp-block-spacer\"><\/div>\n\n\n<ul class=\"wp-block-latest-posts__list wp-block-latest-posts\"><li><div class=\"wp-block-latest-posts__featured-image alignleft\"><a href=\"https:\/\/ms-eberschwang.at\/schule\/index.php\/2025\/10\/21\/digital-kompetenz-html-in-der-praxis\/\" aria-label=\"Digital-Kompetenz: HTML in der Praxis\"><img fetchpriority=\"high\" decoding=\"async\" width=\"300\" height=\"188\" src=\"https:\/\/ms-eberschwang.at\/schule\/wp-content\/uploads\/2025\/10\/sarah-300x188.png\" class=\"attachment-medium size-medium wp-post-image\" alt=\"\" style=\"\" srcset=\"https:\/\/ms-eberschwang.at\/schule\/wp-content\/uploads\/2025\/10\/sarah-300x188.png 300w, https:\/\/ms-eberschwang.at\/schule\/wp-content\/uploads\/2025\/10\/sarah-1024x642.png 1024w, https:\/\/ms-eberschwang.at\/schule\/wp-content\/uploads\/2025\/10\/sarah-768x481.png 768w, https:\/\/ms-eberschwang.at\/schule\/wp-content\/uploads\/2025\/10\/sarah.png 1066w\" sizes=\"(max-width: 300px) 100vw, 300px\" \/><\/a><\/div><a class=\"wp-block-latest-posts__post-title\" href=\"https:\/\/ms-eberschwang.at\/schule\/index.php\/2025\/10\/21\/digital-kompetenz-html-in-der-praxis\/\">Digital-Kompetenz: HTML in der Praxis<\/a><div class=\"wp-block-latest-posts__post-excerpt\">Im Informatik-Unterricht stand k\u00fcrzlich die Web-Entwicklung im Mittelpunkt. Die Sch\u00fclerinnen und Sch\u00fcler lernten die Grundlagen von HTML, der Kernsprache des Internets, und setzten dieses Wissen direkt in die Praxis um. Ziel war es, einfache, aber funktionale Webseiten von Grund\u2026\u00a0<a class=\"wp-block-latest-posts__read-more\" href=\"https:\/\/ms-eberschwang.at\/schule\/index.php\/2025\/10\/21\/digital-kompetenz-html-in-der-praxis\/\" rel=\"noopener noreferrer\"><span class=\"screen-reader-text\">Digital-Kompetenz: HTML in der Praxis <\/span>weiterlesen<\/a><\/div><\/li>\n<li><div class=\"wp-block-latest-posts__featured-image alignleft\"><a href=\"https:\/\/ms-eberschwang.at\/schule\/index.php\/2025\/06\/26\/neues-projekt-schule-trifft-wirtschaft\/\" aria-label=\"Neues Projekt: Schule trifft Wirtschaft\"><img decoding=\"async\" width=\"300\" height=\"169\" src=\"https:\/\/ms-eberschwang.at\/schule\/wp-content\/uploads\/2025\/06\/IMG20250625112935-300x169.jpg\" class=\"attachment-medium size-medium wp-post-image\" alt=\"\" style=\"\" srcset=\"https:\/\/ms-eberschwang.at\/schule\/wp-content\/uploads\/2025\/06\/IMG20250625112935-300x169.jpg 300w, https:\/\/ms-eberschwang.at\/schule\/wp-content\/uploads\/2025\/06\/IMG20250625112935-1024x576.jpg 1024w, https:\/\/ms-eberschwang.at\/schule\/wp-content\/uploads\/2025\/06\/IMG20250625112935-768x432.jpg 768w, https:\/\/ms-eberschwang.at\/schule\/wp-content\/uploads\/2025\/06\/IMG20250625112935-1536x864.jpg 1536w, https:\/\/ms-eberschwang.at\/schule\/wp-content\/uploads\/2025\/06\/IMG20250625112935-2048x1152.jpg 2048w\" sizes=\"(max-width: 300px) 100vw, 300px\" \/><\/a><\/div><a class=\"wp-block-latest-posts__post-title\" href=\"https:\/\/ms-eberschwang.at\/schule\/index.php\/2025\/06\/26\/neues-projekt-schule-trifft-wirtschaft\/\">Neues Projekt: Schule trifft Wirtschaft<\/a><div class=\"wp-block-latest-posts__post-excerpt\">Schule trifft Wirtschaft \u2013 Patenfirmenprojekt an der MS Eberschwang Mit dem neuen Schulprojekt \u201eSchule trifft Wirtschaft\u201c baut die Mittelschule Eberschwang eine wichtige Br\u00fccke zwischen Schule und regionaler Wirtschaft. Ziel ist es, unseren Sch\u00fclerInnen bereits fr\u00fchzeitig Einblicke in die Berufswelt\u2026\u00a0<a class=\"wp-block-latest-posts__read-more\" href=\"https:\/\/ms-eberschwang.at\/schule\/index.php\/2025\/06\/26\/neues-projekt-schule-trifft-wirtschaft\/\" rel=\"noopener noreferrer\"><span class=\"screen-reader-text\">Neues Projekt: Schule trifft Wirtschaft <\/span>weiterlesen<\/a><\/div><\/li>\n<li><div class=\"wp-block-latest-posts__featured-image alignleft\"><a href=\"https:\/\/ms-eberschwang.at\/schule\/index.php\/2025\/05\/24\/sprachwoche-2025\/\" aria-label=\"Sprachwoche 2025\"><img decoding=\"async\" width=\"300\" height=\"225\" src=\"https:\/\/ms-eberschwang.at\/schule\/wp-content\/uploads\/2025\/05\/WhatsApp-Image-2025-05-22-at-12.15.03-300x225.jpeg\" class=\"attachment-medium size-medium wp-post-image\" alt=\"\" style=\"\" srcset=\"https:\/\/ms-eberschwang.at\/schule\/wp-content\/uploads\/2025\/05\/WhatsApp-Image-2025-05-22-at-12.15.03-300x225.jpeg 300w, https:\/\/ms-eberschwang.at\/schule\/wp-content\/uploads\/2025\/05\/WhatsApp-Image-2025-05-22-at-12.15.03-1024x768.jpeg 1024w, https:\/\/ms-eberschwang.at\/schule\/wp-content\/uploads\/2025\/05\/WhatsApp-Image-2025-05-22-at-12.15.03-768x576.jpeg 768w, https:\/\/ms-eberschwang.at\/schule\/wp-content\/uploads\/2025\/05\/WhatsApp-Image-2025-05-22-at-12.15.03-1536x1152.jpeg 1536w, https:\/\/ms-eberschwang.at\/schule\/wp-content\/uploads\/2025\/05\/WhatsApp-Image-2025-05-22-at-12.15.03.jpeg 2000w\" sizes=\"(max-width: 300px) 100vw, 300px\" \/><\/a><\/div><a class=\"wp-block-latest-posts__post-title\" href=\"https:\/\/ms-eberschwang.at\/schule\/index.php\/2025\/05\/24\/sprachwoche-2025\/\">Sprachwoche 2025<\/a><div class=\"wp-block-latest-posts__post-excerpt\">Zeitgleich mit den ersten Klassen sind auch die Viertkl\u00e4ssler:innen ausgeflogen: In Hinterglemm gab es mit native speakern eine lehrreiche Sprachwoche mit viel Englischunterricht und Freizeitaktivit\u00e4ten. Klicken f\u00fcr mehr Fotos!<\/div><\/li>\n<\/ul>\n\n\n<p><\/p>\n","protected":false},"excerpt":{"rendered":"<p>Herzlich willkommen an derMittelschule Eberschwang<\/p>\n","protected":false},"author":1,"featured_media":0,"parent":0,"menu_order":0,"comment_status":"closed","ping_status":"closed","template":"","meta":{"site-sidebar-layout":"left-sidebar","site-content-layout":"page-builder","ast-site-content-layout":"full-width-container","site-content-style":"default","site-sidebar-style":"default","ast-global-header-display":"","ast-banner-title-visibility":"","ast-main-header-display":"","ast-hfb-above-header-display":"","ast-hfb-below-header-display":"","ast-hfb-mobile-header-display":"","site-post-title":"disabled","ast-breadcrumbs-content":"","ast-featured-img":"","footer-sml-layout":"disabled","ast-disable-related-posts":"","theme-transparent-header-meta":"","adv-header-id-meta":"","stick-header-meta":"","header-above-stick-meta":"","header-main-stick-meta":"","header-below-stick-meta":"","astra-migrate-meta-layouts":"set","ast-page-background-enabled":"default","ast-page-background-meta":{"desktop":{"background-color":"var(--ast-global-color-4)","background-image":"","background-repeat":"repeat","background-position":"center center","background-size":"auto","background-attachment":"scroll","background-type":"","background-media":"","overlay-type":"","overlay-color":"","overlay-opacity":"","overlay-gradient":""},"tablet":{"background-color":"","background-image":"","background-repeat":"repeat","background-position":"center center","background-size":"auto","background-attachment":"scroll","background-type":"","background-media":"","overlay-type":"","overlay-color":"","overlay-opacity":"","overlay-gradient":""},"mobile":{"background-color":"","background-image":"","background-repeat":"repeat","background-position":"center center","background-size":"auto","background-attachment":"scroll","background-type":"","background-media":"","overlay-type":"","overlay-color":"","overlay-opacity":"","overlay-gradient":""}},"ast-content-background-meta":{"desktop":{"background-color":"var(--ast-global-color-5)","background-image":"","background-repeat":"repeat","background-position":"center center","background-size":"auto","background-attachment":"scroll","background-type":"","background-media":"","overlay-type":"","overlay-color":"","overlay-opacity":"","overlay-gradient":""},"tablet":{"background-color":"var(--ast-global-color-5)","background-image":"","background-repeat":"repeat","background-position":"center center","background-size":"auto","background-attachment":"scroll","background-type":"","background-media":"","overlay-type":"","overlay-color":"","overlay-opacity":"","overlay-gradient":""},"mobile":{"background-color":"var(--ast-global-color-5)","background-image":"","background-repeat":"repeat","background-position":"center center","background-size":"auto","background-attachment":"scroll","background-type":"","background-media":"","overlay-type":"","overlay-color":"","overlay-opacity":"","overlay-gradient":""}},"footnotes":""},"class_list":["post-82","page","type-page","status-publish","hentry"],"_links":{"self":[{"href":"https:\/\/ms-eberschwang.at\/schule\/index.php\/wp-json\/wp\/v2\/pages\/82","targetHints":{"allow":["GET"]}}],"collection":[{"href":"https:\/\/ms-eberschwang.at\/schule\/index.php\/wp-json\/wp\/v2\/pages"}],"about":[{"href":"https:\/\/ms-eberschwang.at\/schule\/index.php\/wp-json\/wp\/v2\/types\/page"}],"author":[{"embeddable":true,"href":"https:\/\/ms-eberschwang.at\/schule\/index.php\/wp-json\/wp\/v2\/users\/1"}],"replies":[{"embeddable":true,"href":"https:\/\/ms-eberschwang.at\/schule\/index.php\/wp-json\/wp\/v2\/comments?post=82"}],"version-history":[{"count":97,"href":"https:\/\/ms-eberschwang.at\/schule\/index.php\/wp-json\/wp\/v2\/pages\/82\/revisions"}],"predecessor-version":[{"id":1298,"href":"https:\/\/ms-eberschwang.at\/schule\/index.php\/wp-json\/wp\/v2\/pages\/82\/revisions\/1298"}],"wp:attachment":[{"href":"https:\/\/ms-eberschwang.at\/schule\/index.php\/wp-json\/wp\/v2\/media?parent=82"}],"curies":[{"name":"wp","href":"https:\/\/api.w.org\/{rel}","templated":true}]}}