{"id":1199,"date":"2025-10-21T10:39:11","date_gmt":"2025-10-21T10:39:11","guid":{"rendered":"https:\/\/ms-eberschwang.at\/schule\/?page_id=1199"},"modified":"2025-10-21T18:07:43","modified_gmt":"2025-10-21T18:07:43","slug":"websites-der-informatikgruppe","status":"publish","type":"page","link":"https:\/\/ms-eberschwang.at\/schule\/index.php\/websites-der-informatikgruppe\/","title":{"rendered":"Websites der Informatikgruppe"},"content":{"rendered":"\n<p><strong>Valentina<\/strong><br><a href=\"https:\/\/nms-eberschwang.at\/schule\/websites\/Valentina\/ErsteSeiteHOME.html\">https:\/\/nms-eberschwang.at\/schule\/websites\/Valentina\/ErsteSeiteHOME.html<\/a><br>Auf dieser pers\u00f6nlichen Webseite stellt Valentina ihre liebsten Reiseziele vor \u2013 von aufregenden St\u00e4dten bis zu ruhigen Str\u00e4nden. \u00dcber die Navigationsleiste k\u00f6nnen Besucher mehr \u00fcber die einzelnen Ziele, passende Fotos und eine Packliste erfahren.<\/p>\n\n\n\n<p><strong>Sarah<\/strong><br><a href=\"https:\/\/nms-eberschwang.at\/schule\/websites\/Sarah\/Tennis\/index.html\">https:\/\/nms-eberschwang.at\/schule\/websites\/Sarah\/Tennis\/index.html<\/a><br>Auf ihrer Sch\u00fclerwebseite erkl\u00e4rt Sarah die Grundlagen des Tennissports. Sie stellt die wichtigsten Schlagtechniken, die ben\u00f6tigte Ausr\u00fcstung und die Spielregeln vor und bietet zus\u00e4tzlich ein kleines Quiz, mit dem Besucher ihr Wissen testen k\u00f6nnen.<\/p>\n\n\n\n<p><strong>Alex<\/strong><br><a href=\"https:\/\/nms-eberschwang.at\/schule\/websites\/Alex\/Alex\/index.html\">https:\/\/nms-eberschwang.at\/schule\/websites\/Alex\/Alex\/index.html<\/a><br>Alex erkl\u00e4rt auf seiner Sch\u00fclerwebseite die Grundregeln des Schachspiels. Besucher erfahren alles \u00fcber die Z\u00fcge der einzelnen Figuren, spezielle Regeln wie Rochade und Schlagen, und k\u00f6nnen ihr Wissen durch interaktive \u00dcbungen vertiefen.<\/p>\n\n\n\n<p><strong>Peter<\/strong><br><a href=\"https:\/\/nms-eberschwang.at\/schule\/websites\/Peter\/peter.html\">https:\/\/nms-eberschwang.at\/schule\/websites\/Peter\/peter.html<\/a><br>Auf dieser interaktiven Sch\u00fclerwebseite pr\u00e4sentiert Peter eine digitale Version des Spiels \u201eVier Gewinnt\u201c. Spieler k\u00f6nnen durch Klicken auf die Spalten Steine ablegen und versuchen, vier Steine in einer Reihe zu platzieren. Die Gewinnlogik wird dabei automatisch durch JavaScript \u00fcberpr\u00fcft.<\/p>\n\n\n\n<p><strong>Ben<\/strong><br><a href=\"https:\/\/nms-eberschwang.at\/schule\/websites\/ben\/index.html\">https:\/\/nms-eberschwang.at\/schule\/websites\/ben\/index.html<\/a><br>Auf dieser Sch\u00fclerwebseite stellt Ben das Eishockeyteam \u201eVoralpenkings\u201c vor. Er informiert \u00fcber aktuelle Spiele, kommende Termine und wichtige Teammitglieder wie den Kapit\u00e4n Moritz H\u00f6ller und Head Coach Max M\u00fcller. Die Seite bietet einen Einblick in das Teamleben und die Leidenschaft f\u00fcr den Eishockeysport.<br><\/p>\n\n\n\n<p><strong>Valentin<\/strong><br><a href=\"https:\/\/nms-eberschwang.at\/schule\/websites\/Valentin\/Valentin.html#home\">https:\/\/nms-eberschwang.at\/schule\/websites\/Valentin\/Valentin.html#home<\/a><br>Valentin pr\u00e4sentiert auf seiner Webseite die faszinierende Welt der Klemmbausteine. Er erkl\u00e4rt, was Klemmbausteine sind, stellt verschiedene Hersteller und Marken vor und gibt Einblicke in die Erstellung eigener Modelle (MOCs). Zus\u00e4tzlich bietet er Reviews und Tests zu aktuellen Sets an.<\/p>\n\n\n\n<p><strong>Edin<\/strong><br><a href=\"https:\/\/nms-eberschwang.at\/schule\/websites\/edin\/index.html\">https:\/\/nms-eberschwang.at\/schule\/websites\/edin\/index.html<\/a><br>Edin widmet sich auf seiner Sch\u00fclerwebseite dem BMW M4 CSL und beleuchtet dessen technische Highlights. Er erkl\u00e4rt die beeindruckende Motorleistung von 551 PS, die Beschleunigung von 0 auf 100 km\/h in 3,7 Sekunden und den Einsatz von Carbon-Elementen im Leichtbau. Interaktive Elemente wie Reaktionstests zum M-Fahrmodus und Tankstopp bieten den Besuchern ein spielerisches Erlebnis.<br><\/p>\n\n\n\n<p><strong>Esat<\/strong><br><a href=\"https:\/\/nms-eberschwang.at\/schule\/websites\/esat\/esat.html#erforschung\">https:\/\/nms-eberschwang.at\/schule\/websites\/esat\/esat.html#erforschung<\/a><br>Esat widmet sich auf seiner Sch\u00fclerwebseite dem Planeten Jupiter. Er beschreibt Jupiters Gr\u00f6\u00dfe, seine Zusammensetzung als Gasriese und die Besonderheiten seiner Atmosph\u00e4re, wie den Gro\u00dfen Roten Fleck und die charakteristischen Wolkenb\u00e4nder. Die Seite stellt auch die vier gr\u00f6\u00dften Monde Jupiters vor: Io, Europa, Ganymed und Kallisto, und erl\u00e4utert deren Eigenschaften. Abschlie\u00dfend gibt Esat einen \u00dcberblick \u00fcber bedeutende Raumfahrtmissionen, die Jupiter erforscht haben, darunter Pioneer, Voyager, Galileo und Juno.<\/p>\n\n\n\n<p><strong>Jonas<\/strong><br><a href=\"https:\/\/nms-eberschwang.at\/schule\/websites\/jonas\/jonas.html\">https:\/\/nms-eberschwang.at\/schule\/websites\/jonas\/jonas.html<\/a><br>Jonas pr\u00e4sentiert auf seiner Sch\u00fclerwebseite den Traktor Fendt 712 Vario TMS. Er erl\u00e4utert die technischen Daten wie die Motorleistung von 180 PS, das stufenlose Vario-Getriebe und das Traktor-Management-System (TMS), das automatisch die optimale Abstimmung von Getriebe und Motor regelt.<\/p>\n\n\n\n<p><strong>Marcel<\/strong><br><a href=\"https:\/\/nms-eberschwang.at\/schule\/websites\/marcel\/marcel.html\">https:\/\/nms-eberschwang.at\/schule\/websites\/marcel\/marcel.html<\/a><br>Auf dieser Sch\u00fclerwebseite stellt Marcel die PlayStation 5 vor und erkl\u00e4rt ihre technischen Besonderheiten.<\/p>\n\n\n\n<p><strong>Noah<\/strong><br><a href=\"https:\/\/nms-eberschwang.at\/schule\/websites\/noah\/noah.html\">https:\/\/nms-eberschwang.at\/schule\/websites\/noah\/noah.html<\/a><br>Noah pr\u00e4sentiert auf seiner Sch\u00fclerwebseite n\u00fctzliche Informationen rund um die PlayStation 4. Er erkl\u00e4rt, wie man den eigenen Ping misst, um Lags in Online-Spielen zu vermeiden, und stellt beliebte Koop-Spiele vor, die sich gut f\u00fcr gemeinsames Spielen eignen.<\/p>\n\n\n\n<p><strong>Philipp<\/strong><br><a href=\"https:\/\/nms-eberschwang.at\/schule\/websites\/philipp\/philipp.html\">https:\/\/nms-eberschwang.at\/schule\/websites\/philipp\/philipp.html<\/a><br>Philipp pr\u00e4sentiert auf seiner Sch\u00fclerwebseite den Charakter Mini P.E.K.K.A. aus dem Spiel Clash Royale. Er erl\u00e4utert die Kampfwerte und Schadensberechnungen basierend auf verschiedenen Leveln der Einheit. Zus\u00e4tzlich teilt er ein humorvolles Lieblingsrezept von Mini P.E.K.K.A.: Pfannkuchen. Die Webseite kombiniert spielerische Elemente mit praktischen Informationen und bietet einen unterhaltsamen Einblick in die Welt von Mini P.E.K.K.A.<\/p>\n\n\n\n<p><strong>Mihajlo<\/strong><br><a href=\"https:\/\/nms-eberschwang.at\/schule\/websites\/mihajlo\/index.html\">https:\/\/nms-eberschwang.at\/schule\/websites\/mihajlo\/index.html<\/a><br>Mihajlo stellt sich auf seiner Sch\u00fclerwebseite vor und gibt einen Einblick in seine Interessen und F\u00e4higkeiten.<br><\/p>\n\n\n\n<p><\/p>\n","protected":false},"excerpt":{"rendered":"<p>Valentinahttps:\/\/nms-eberschwang.at\/schule\/websites\/Valentina\/ErsteSeiteHOME.htmlAuf dieser pers\u00f6nlichen Webseite stellt Valentina ihre liebsten Reiseziele vor \u2013 von aufregenden St\u00e4dten bis zu ruhigen Str\u00e4nden. \u00dcber die Navigationsleiste k\u00f6nnen Besucher mehr \u00fcber die einzelnen Ziele, passende Fotos und eine Packliste erfahren. Sarahhttps:\/\/nms-eberschwang.at\/schule\/websites\/Sarah\/Tennis\/index.htmlAuf ihrer Sch\u00fclerwebseite erkl\u00e4rt Sarah die Grundlagen des Tennissports. Sie stellt die wichtigsten Schlagtechniken, die ben\u00f6tigte Ausr\u00fcstung und die Spielregeln vor [&hellip;]<\/p>\n","protected":false},"author":5,"featured_media":0,"parent":0,"menu_order":0,"comment_status":"closed","ping_status":"closed","template":"","meta":{"site-sidebar-layout":"default","site-content-layout":"","ast-site-content-layout":"default","site-content-style":"default","site-sidebar-style":"default","ast-global-header-display":"","ast-banner-title-visibility":"","ast-main-header-display":"","ast-hfb-above-header-display":"","ast-hfb-below-header-display":"","ast-hfb-mobile-header-display":"","site-post-title":"","ast-breadcrumbs-content":"","ast-featured-img":"","footer-sml-layout":"","ast-disable-related-posts":"","theme-transparent-header-meta":"","adv-header-id-meta":"","stick-header-meta":"","header-above-stick-meta":"","header-main-stick-meta":"","header-below-stick-meta":"","astra-migrate-meta-layouts":"set","ast-page-background-enabled":"default","ast-page-background-meta":{"desktop":{"background-color":"var(--ast-global-color-4)","background-image":"","background-repeat":"repeat","background-position":"center center","background-size":"auto","background-attachment":"scroll","background-type":"","background-media":"","overlay-type":"","overlay-color":"","overlay-opacity":"","overlay-gradient":""},"tablet":{"background-color":"","background-image":"","background-repeat":"repeat","background-position":"center center","background-size":"auto","background-attachment":"scroll","background-type":"","background-media":"","overlay-type":"","overlay-color":"","overlay-opacity":"","overlay-gradient":""},"mobile":{"background-color":"","background-image":"","background-repeat":"repeat","background-position":"center center","background-size":"auto","background-attachment":"scroll","background-type":"","background-media":"","overlay-type":"","overlay-color":"","overlay-opacity":"","overlay-gradient":""}},"ast-content-background-meta":{"desktop":{"background-color":"var(--ast-global-color-5)","background-image":"","background-repeat":"repeat","background-position":"center center","background-size":"auto","background-attachment":"scroll","background-type":"","background-media":"","overlay-type":"","overlay-color":"","overlay-opacity":"","overlay-gradient":""},"tablet":{"background-color":"var(--ast-global-color-5)","background-image":"","background-repeat":"repeat","background-position":"center center","background-size":"auto","background-attachment":"scroll","background-type":"","background-media":"","overlay-type":"","overlay-color":"","overlay-opacity":"","overlay-gradient":""},"mobile":{"background-color":"var(--ast-global-color-5)","background-image":"","background-repeat":"repeat","background-position":"center center","background-size":"auto","background-attachment":"scroll","background-type":"","background-media":"","overlay-type":"","overlay-color":"","overlay-opacity":"","overlay-gradient":""}},"footnotes":""},"class_list":["post-1199","page","type-page","status-publish","hentry"],"_links":{"self":[{"href":"https:\/\/ms-eberschwang.at\/schule\/index.php\/wp-json\/wp\/v2\/pages\/1199","targetHints":{"allow":["GET"]}}],"collection":[{"href":"https:\/\/ms-eberschwang.at\/schule\/index.php\/wp-json\/wp\/v2\/pages"}],"about":[{"href":"https:\/\/ms-eberschwang.at\/schule\/index.php\/wp-json\/wp\/v2\/types\/page"}],"author":[{"embeddable":true,"href":"https:\/\/ms-eberschwang.at\/schule\/index.php\/wp-json\/wp\/v2\/users\/5"}],"replies":[{"embeddable":true,"href":"https:\/\/ms-eberschwang.at\/schule\/index.php\/wp-json\/wp\/v2\/comments?post=1199"}],"version-history":[{"count":8,"href":"https:\/\/ms-eberschwang.at\/schule\/index.php\/wp-json\/wp\/v2\/pages\/1199\/revisions"}],"predecessor-version":[{"id":1221,"href":"https:\/\/ms-eberschwang.at\/schule\/index.php\/wp-json\/wp\/v2\/pages\/1199\/revisions\/1221"}],"wp:attachment":[{"href":"https:\/\/ms-eberschwang.at\/schule\/index.php\/wp-json\/wp\/v2\/media?parent=1199"}],"curies":[{"name":"wp","href":"https:\/\/api.w.org\/{rel}","templated":true}]}}