{"id":1196,"date":"2025-10-17T07:38:30","date_gmt":"2025-10-17T07:38:30","guid":{"rendered":"https:\/\/ms-eberschwang.at\/schule\/?page_id=1196"},"modified":"2025-10-17T07:38:30","modified_gmt":"2025-10-17T07:38:30","slug":"hilfe-fuer-schulveranstaltungen","status":"publish","type":"page","link":"https:\/\/ms-eberschwang.at\/schule\/index.php\/hilfe-fuer-schulveranstaltungen\/","title":{"rendered":"Hilfe f\u00fcr Schulveranstaltungen"},"content":{"rendered":"\n<p>Sehr geehrte Eltern und Erziehungsberechtigte,<\/p>\n\n\n\n<p>das Schuljahr 2025\/26 ist bereits voll im Gange und auch die Planungen f\u00fcr unsere mehrt\u00e4gigen Schulveranstaltungen haben begonnen. Uns als Schule ist bewusst, dass die Teilnahme an diesen Veranstaltungen mit teils hohen Kosten verbunden sein kann. Da diese Veranstaltungen einen wichtigen Beitrag zum Zusammenhalt und zur St\u00e4rkung der Klassengemeinschaft leisten, ist es uns ein gro\u00dfes Anliegen, dass m\u00f6glichst alle Sch\u00fclerlnnen daran teilnehmen k\u00f6nnen. Wir m\u00f6chten Sie daher darauf hinweisen, dass f\u00fcr sozial benachteiligte Familien die M\u00f6glichkeit besteht, finanzielle Unterst\u00fctzung in Anspruch zu nehmen. <\/p>\n\n\n\n<p><a href=\"https:\/\/www.sportwochen.org\/lehrer\">https:\/\/www.sportwochen.org\/lehrer<\/a><\/p>\n\n\n\n<p><a href=\"https:\/\/e-gov.ooe.gv.at\/fs_bg\/start.do?event=view&amp;generalid=bg007schulveranstaltungshilfe\">Schulveranstaltungshilfe online beantragen<\/a><\/p>\n\n\n\n<p><a href=\"https:\/\/www.land-oberoesterreich.gv.at\/Mediendateien\/Formulare\/Formulare%20Gesellschaft%20und%20Soziales\/KGD_Geft_E45_Schulveranstaltung_Bestaetigung_2.pdf\">Best\u00e4tigung \u00fcber den Besuch einer Schulveranstaltung<\/a><\/p>\n","protected":false},"excerpt":{"rendered":"<p>Sehr geehrte Eltern und Erziehungsberechtigte, das Schuljahr 2025\/26 ist bereits voll im Gange und auch die Planungen f\u00fcr unsere mehrt\u00e4gigen Schulveranstaltungen haben begonnen. Uns als Schule ist bewusst, dass die Teilnahme an diesen Veranstaltungen mit teils hohen Kosten verbunden sein kann. Da diese Veranstaltungen einen wichtigen Beitrag zum Zusammenhalt und zur St\u00e4rkung der Klassengemeinschaft leisten, [&hellip;]<\/p>\n","protected":false},"author":5,"featured_media":0,"parent":0,"menu_order":0,"comment_status":"closed","ping_status":"closed","template":"","meta":{"site-sidebar-layout":"default","site-content-layout":"","ast-site-content-layout":"default","site-content-style":"default","site-sidebar-style":"default","ast-global-header-display":"","ast-banner-title-visibility":"","ast-main-header-display":"","ast-hfb-above-header-display":"","ast-hfb-below-header-display":"","ast-hfb-mobile-header-display":"","site-post-title":"","ast-breadcrumbs-content":"","ast-featured-img":"","footer-sml-layout":"","ast-disable-related-posts":"","theme-transparent-header-meta":"","adv-header-id-meta":"","stick-header-meta":"","header-above-stick-meta":"","header-main-stick-meta":"","header-below-stick-meta":"","astra-migrate-meta-layouts":"set","ast-page-background-enabled":"default","ast-page-background-meta":{"desktop":{"background-color":"var(--ast-global-color-4)","background-image":"","background-repeat":"repeat","background-position":"center center","background-size":"auto","background-attachment":"scroll","background-type":"","background-media":"","overlay-type":"","overlay-color":"","overlay-opacity":"","overlay-gradient":""},"tablet":{"background-color":"","background-image":"","background-repeat":"repeat","background-position":"center center","background-size":"auto","background-attachment":"scroll","background-type":"","background-media":"","overlay-type":"","overlay-color":"","overlay-opacity":"","overlay-gradient":""},"mobile":{"background-color":"","background-image":"","background-repeat":"repeat","background-position":"center center","background-size":"auto","background-attachment":"scroll","background-type":"","background-media":"","overlay-type":"","overlay-color":"","overlay-opacity":"","overlay-gradient":""}},"ast-content-background-meta":{"desktop":{"background-color":"var(--ast-global-color-5)","background-image":"","background-repeat":"repeat","background-position":"center center","background-size":"auto","background-attachment":"scroll","background-type":"","background-media":"","overlay-type":"","overlay-color":"","overlay-opacity":"","overlay-gradient":""},"tablet":{"background-color":"var(--ast-global-color-5)","background-image":"","background-repeat":"repeat","background-position":"center center","background-size":"auto","background-attachment":"scroll","background-type":"","background-media":"","overlay-type":"","overlay-color":"","overlay-opacity":"","overlay-gradient":""},"mobile":{"background-color":"var(--ast-global-color-5)","background-image":"","background-repeat":"repeat","background-position":"center center","background-size":"auto","background-attachment":"scroll","background-type":"","background-media":"","overlay-type":"","overlay-color":"","overlay-opacity":"","overlay-gradient":""}},"footnotes":""},"class_list":["post-1196","page","type-page","status-publish","hentry"],"_links":{"self":[{"href":"https:\/\/ms-eberschwang.at\/schule\/index.php\/wp-json\/wp\/v2\/pages\/1196","targetHints":{"allow":["GET"]}}],"collection":[{"href":"https:\/\/ms-eberschwang.at\/schule\/index.php\/wp-json\/wp\/v2\/pages"}],"about":[{"href":"https:\/\/ms-eberschwang.at\/schule\/index.php\/wp-json\/wp\/v2\/types\/page"}],"author":[{"embeddable":true,"href":"https:\/\/ms-eberschwang.at\/schule\/index.php\/wp-json\/wp\/v2\/users\/5"}],"replies":[{"embeddable":true,"href":"https:\/\/ms-eberschwang.at\/schule\/index.php\/wp-json\/wp\/v2\/comments?post=1196"}],"version-history":[{"count":1,"href":"https:\/\/ms-eberschwang.at\/schule\/index.php\/wp-json\/wp\/v2\/pages\/1196\/revisions"}],"predecessor-version":[{"id":1197,"href":"https:\/\/ms-eberschwang.at\/schule\/index.php\/wp-json\/wp\/v2\/pages\/1196\/revisions\/1197"}],"wp:attachment":[{"href":"https:\/\/ms-eberschwang.at\/schule\/index.php\/wp-json\/wp\/v2\/media?parent=1196"}],"curies":[{"name":"wp","href":"https:\/\/api.w.org\/{rel}","templated":true}]}}