{"id":1123,"date":"2025-09-11T18:20:16","date_gmt":"2025-09-11T18:20:16","guid":{"rendered":"https:\/\/ms-eberschwang.at\/schule\/?page_id=1123"},"modified":"2025-09-11T18:20:16","modified_gmt":"2025-09-11T18:20:16","slug":"registrierung-bei-webuntis","status":"publish","type":"page","link":"https:\/\/ms-eberschwang.at\/schule\/index.php\/e-learning\/registrierung-bei-webuntis\/","title":{"rendered":"Registrierung bei WebUntis"},"content":{"rendered":"\n<p class=\"has-medium-font-size\"><strong>Die Selbstregistrierung ist nur im Browser und nicht in der UntisMobile App m\u00f6glich.\u00a0<\/strong><\/p>\n\n\n\n<p>Rufen Sie folgende Seite auf:<\/p>\n\n\n\n<p><a href=\"https:\/\/borys.webuntis.com\/WebUntis\/?school=nms-eberschwang#\/basic\/login\">https:\/\/borys.webuntis.com\/WebUntis\/?school=nms-eberschwang#\/basic\/login<\/a><\/p>\n\n\n\n<p>Unter dem Log-in Feld steht: <\/p>\n\n\n\n<p><em>Noch keinen Zugang?<\/em>\u00a0<a href=\"https:\/\/borys.webuntis.com\/WebUntis\/?school=nms-eberschwang#\/basic\/userRegistration\">Registrieren<\/a><\/p>\n\n\n\n<figure class=\"wp-block-image size-full is-resized\"><img fetchpriority=\"high\" decoding=\"async\" width=\"385\" height=\"352\" src=\"https:\/\/ms-eberschwang.at\/schule\/wp-content\/uploads\/2025\/09\/image.png\" alt=\"\" class=\"wp-image-1124\" style=\"width:328px;height:auto\" srcset=\"https:\/\/ms-eberschwang.at\/schule\/wp-content\/uploads\/2025\/09\/image.png 385w, https:\/\/ms-eberschwang.at\/schule\/wp-content\/uploads\/2025\/09\/image-300x274.png 300w\" sizes=\"(max-width: 385px) 100vw, 385px\" \/><\/figure>\n\n\n\n<p>Klicken Sie auf Registrieren.<\/p>\n\n\n\n<figure class=\"wp-block-image size-full is-resized\"><img decoding=\"async\" width=\"348\" height=\"203\" src=\"https:\/\/ms-eberschwang.at\/schule\/wp-content\/uploads\/2025\/09\/image-1.png\" alt=\"\" class=\"wp-image-1125\" style=\"width:280px;height:auto\" srcset=\"https:\/\/ms-eberschwang.at\/schule\/wp-content\/uploads\/2025\/09\/image-1.png 348w, https:\/\/ms-eberschwang.at\/schule\/wp-content\/uploads\/2025\/09\/image-1-300x175.png 300w\" sizes=\"(max-width: 348px) 100vw, 348px\" \/><\/figure>\n\n\n\n<p>Nun m\u00fcssen Sie jene E-Mail-Adresse eingeben, die Sie beim Sch\u00fclerdatenblatt angegeben haben.<\/p>\n\n\n\n<figure class=\"wp-block-image size-full is-resized\"><img decoding=\"async\" width=\"383\" height=\"168\" src=\"https:\/\/ms-eberschwang.at\/schule\/wp-content\/uploads\/2025\/09\/image-2.png\" alt=\"\" class=\"wp-image-1126\" style=\"width:290px;height:auto\" srcset=\"https:\/\/ms-eberschwang.at\/schule\/wp-content\/uploads\/2025\/09\/image-2.png 383w, https:\/\/ms-eberschwang.at\/schule\/wp-content\/uploads\/2025\/09\/image-2-300x132.png 300w\" sizes=\"(max-width: 383px) 100vw, 383px\" \/><\/figure>\n\n\n\n<p>Stimmen die Adressen \u00fcberein, bekommen Sie unter dieser Adresse eine Best\u00e4tigungs-Mail zugesandt.<\/p>\n\n\n\n<p>Die Registrierung kann nun entweder durch Klick auf den Registrierungslink oder durch Eingabe des<br>Best\u00e4tigungscodes in WebUntis abgeschlossen werden.<\/p>\n\n\n\n<p>In einem letzten Schritt muss nur noch ein geeignetes Passwort gesetzt werden.<\/p>\n\n\n\n<figure class=\"wp-block-image size-large is-resized\"><img loading=\"lazy\" decoding=\"async\" width=\"1024\" height=\"881\" src=\"https:\/\/ms-eberschwang.at\/schule\/wp-content\/uploads\/2025\/09\/image-3-1024x881.png\" alt=\"\" class=\"wp-image-1127\" style=\"width:231px;height:auto\" srcset=\"https:\/\/ms-eberschwang.at\/schule\/wp-content\/uploads\/2025\/09\/image-3-1024x881.png 1024w, https:\/\/ms-eberschwang.at\/schule\/wp-content\/uploads\/2025\/09\/image-3-300x258.png 300w, https:\/\/ms-eberschwang.at\/schule\/wp-content\/uploads\/2025\/09\/image-3-768x661.png 768w, https:\/\/ms-eberschwang.at\/schule\/wp-content\/uploads\/2025\/09\/image-3.png 1034w\" sizes=\"(max-width: 1024px) 100vw, 1024px\" \/><\/figure>\n\n\n\n<p>Anschlie\u00dfend ist der Benutzername bereits im richtigen Textfeld eingetragen. Notwendig zum Login ist nur noch das entsprechende Passwort, welches ausgew\u00e4hlt wurde.<\/p>\n\n\n\n<p>Nach dem Login sehen Sie die Zuordnung ihrer Kinder oder ihres Kindes.<\/p>\n\n\n\n<p><\/p>\n","protected":false},"excerpt":{"rendered":"<p>Die Selbstregistrierung ist nur im Browser und nicht in der UntisMobile App m\u00f6glich.\u00a0 Rufen Sie folgende Seite auf: https:\/\/borys.webuntis.com\/WebUntis\/?school=nms-eberschwang#\/basic\/login Unter dem Log-in Feld steht: Noch keinen Zugang?\u00a0Registrieren Klicken Sie auf Registrieren. Nun m\u00fcssen Sie jene E-Mail-Adresse eingeben, die Sie beim Sch\u00fclerdatenblatt angegeben haben. Stimmen die Adressen \u00fcberein, bekommen Sie unter dieser Adresse eine Best\u00e4tigungs-Mail zugesandt. [&hellip;]<\/p>\n","protected":false},"author":5,"featured_media":0,"parent":18,"menu_order":0,"comment_status":"closed","ping_status":"closed","template":"","meta":{"site-sidebar-layout":"default","site-content-layout":"","ast-site-content-layout":"default","site-content-style":"default","site-sidebar-style":"default","ast-global-header-display":"","ast-banner-title-visibility":"","ast-main-header-display":"","ast-hfb-above-header-display":"","ast-hfb-below-header-display":"","ast-hfb-mobile-header-display":"","site-post-title":"","ast-breadcrumbs-content":"","ast-featured-img":"","footer-sml-layout":"","ast-disable-related-posts":"","theme-transparent-header-meta":"","adv-header-id-meta":"","stick-header-meta":"","header-above-stick-meta":"","header-main-stick-meta":"","header-below-stick-meta":"","astra-migrate-meta-layouts":"set","ast-page-background-enabled":"default","ast-page-background-meta":{"desktop":{"background-color":"var(--ast-global-color-4)","background-image":"","background-repeat":"repeat","background-position":"center center","background-size":"auto","background-attachment":"scroll","background-type":"","background-media":"","overlay-type":"","overlay-color":"","overlay-opacity":"","overlay-gradient":""},"tablet":{"background-color":"","background-image":"","background-repeat":"repeat","background-position":"center center","background-size":"auto","background-attachment":"scroll","background-type":"","background-media":"","overlay-type":"","overlay-color":"","overlay-opacity":"","overlay-gradient":""},"mobile":{"background-color":"","background-image":"","background-repeat":"repeat","background-position":"center center","background-size":"auto","background-attachment":"scroll","background-type":"","background-media":"","overlay-type":"","overlay-color":"","overlay-opacity":"","overlay-gradient":""}},"ast-content-background-meta":{"desktop":{"background-color":"var(--ast-global-color-5)","background-image":"","background-repeat":"repeat","background-position":"center center","background-size":"auto","background-attachment":"scroll","background-type":"","background-media":"","overlay-type":"","overlay-color":"","overlay-opacity":"","overlay-gradient":""},"tablet":{"background-color":"var(--ast-global-color-5)","background-image":"","background-repeat":"repeat","background-position":"center center","background-size":"auto","background-attachment":"scroll","background-type":"","background-media":"","overlay-type":"","overlay-color":"","overlay-opacity":"","overlay-gradient":""},"mobile":{"background-color":"var(--ast-global-color-5)","background-image":"","background-repeat":"repeat","background-position":"center center","background-size":"auto","background-attachment":"scroll","background-type":"","background-media":"","overlay-type":"","overlay-color":"","overlay-opacity":"","overlay-gradient":""}},"footnotes":""},"class_list":["post-1123","page","type-page","status-publish","hentry"],"_links":{"self":[{"href":"https:\/\/ms-eberschwang.at\/schule\/index.php\/wp-json\/wp\/v2\/pages\/1123","targetHints":{"allow":["GET"]}}],"collection":[{"href":"https:\/\/ms-eberschwang.at\/schule\/index.php\/wp-json\/wp\/v2\/pages"}],"about":[{"href":"https:\/\/ms-eberschwang.at\/schule\/index.php\/wp-json\/wp\/v2\/types\/page"}],"author":[{"embeddable":true,"href":"https:\/\/ms-eberschwang.at\/schule\/index.php\/wp-json\/wp\/v2\/users\/5"}],"replies":[{"embeddable":true,"href":"https:\/\/ms-eberschwang.at\/schule\/index.php\/wp-json\/wp\/v2\/comments?post=1123"}],"version-history":[{"count":1,"href":"https:\/\/ms-eberschwang.at\/schule\/index.php\/wp-json\/wp\/v2\/pages\/1123\/revisions"}],"predecessor-version":[{"id":1128,"href":"https:\/\/ms-eberschwang.at\/schule\/index.php\/wp-json\/wp\/v2\/pages\/1123\/revisions\/1128"}],"up":[{"embeddable":true,"href":"https:\/\/ms-eberschwang.at\/schule\/index.php\/wp-json\/wp\/v2\/pages\/18"}],"wp:attachment":[{"href":"https:\/\/ms-eberschwang.at\/schule\/index.php\/wp-json\/wp\/v2\/media?parent=1123"}],"curies":[{"name":"wp","href":"https:\/\/api.w.org\/{rel}","templated":true}]}}